{"id":8,"date":"2019-04-17T15:37:21","date_gmt":"2019-04-17T18:37:21","guid":{"rendered":"http:\/\/alliviciblog.azurewebsites.net\/?page_id=8"},"modified":"2021-07-28T13:38:30","modified_gmt":"2021-07-28T16:38:30","slug":"contato","status":"publish","type":"page","link":"https:\/\/blog.allivici.com\/index.php\/contato\/","title":{"rendered":"Contato"},"content":{"rendered":"<p>Gostaria de entrar em contato com a equipe Allivici? Por favor, preencha os campos a seguir. <div id='contact-form-8'>\n<form action='https:\/\/blog.allivici.com\/index.php\/contato\/#contact-form-8' method='post' class='contact-form commentsblock'>\n\n<div class='grunion-field-wrap grunion-field-name-wrap'  >\n<label\n\t\t\t\tfor='g8-nome'\n\t\t\t\tclass='grunion-field-label name'\n\t\t\t\t>Nome<span>(obrigat\u00f3rio)<\/span><\/label>\n<input\n\t\t\t\t\ttype='text'\n\t\t\t\t\tname='g8-nome'\n\t\t\t\t\tid='g8-nome'\n\t\t\t\t\tvalue=''\n\t\t\t\t\tclass='name' \n\t\t\t\t\trequired aria-required='true'\n\t\t\t\t\/>\n\t<\/div>\n\n<div class='grunion-field-wrap grunion-field-email-wrap'  >\n<label\n\t\t\t\tfor='g8-email'\n\t\t\t\tclass='grunion-field-label email'\n\t\t\t\t>Email<span>(obrigat\u00f3rio)<\/span><\/label>\n<input\n\t\t\t\t\ttype='email'\n\t\t\t\t\tname='g8-email'\n\t\t\t\t\tid='g8-email'\n\t\t\t\t\tvalue=''\n\t\t\t\t\tclass='email' \n\t\t\t\t\trequired aria-required='true'\n\t\t\t\t\/>\n\t<\/div>\n\n<div class='grunion-field-wrap grunion-field-url-wrap'  >\n<label\n\t\t\t\tfor='g8-site'\n\t\t\t\tclass='grunion-field-label url'\n\t\t\t\t>Site<\/label>\n<input\n\t\t\t\t\ttype='url'\n\t\t\t\t\tname='g8-site'\n\t\t\t\t\tid='g8-site'\n\t\t\t\t\tvalue=''\n\t\t\t\t\tclass='url' \n\t\t\t\t\t\n\t\t\t\t\/>\n\t<\/div>\n\n<div class='grunion-field-wrap grunion-field-textarea-wrap'  >\n<label\n\t\t\t\tfor='contact-form-comment-g8-comentrio'\n\t\t\t\tclass='grunion-field-label textarea'\n\t\t\t\t>Coment\u00e1rio<span>(obrigat\u00f3rio)<\/span><\/label>\n<textarea\n\t\t                name='g8-comentrio'\n\t\t                id='contact-form-comment-g8-comentrio'\n\t\t                rows='20' class='textarea'  required aria-required='true'><\/textarea>\n\t<\/div>\n\t<p class='contact-submit'>\n\t\t<button type='submit' class='pushbutton-wide'>Enviar<\/button>\t\t<input type='hidden' name='contact-form-id' value='8' \/>\n\t\t<input type='hidden' name='action' value='grunion-contact-form' \/>\n\t\t<input type='hidden' name='contact-form-hash' value='72b592d5fe30704f0548ba61b7533ddf2c6c9ed0' \/>\n\t<\/p>\n<\/form>\n<\/div><\/p>\n","protected":false},"excerpt":{"rendered":"<p>Gostaria de entrar em contato com a equipe Allivici? Por favor, preencha os campos a seguir.<\/p>\n","protected":false},"author":1,"featured_media":0,"parent":0,"menu_order":3,"comment_status":"closed","ping_status":"closed","template":"","meta":{"spay_email":""},"tags":[],"jetpack-related-posts":[{"id":3,"url":"https:\/\/blog.allivici.com\/index.php\/allivici-politica-de-privacidade\/","url_meta":{"origin":8,"position":0},"title":"Pol\u00edtica de privacidade","date":"27 de julho de 2021","format":false,"excerpt":"Quem somos O endere\u00e7o do nosso site \u00e9: http:\/\/alliviciblog.azurewebsites.net. Quais dados pessoais coletamos e porque Coment\u00e1rios Quando os visitantes deixam coment\u00e1rios no site, coletamos os dados mostrados no formul\u00e1rio de coment\u00e1rios, al\u00e9m do endere\u00e7o de IP e de dados do navegador do visitante, para auxiliar na detec\u00e7\u00e3o de spam. Uma\u2026","rel":"","context":"Post similar","img":{"alt_text":"","src":"","width":0,"height":0},"classes":[]}],"_links":{"self":[{"href":"https:\/\/blog.allivici.com\/index.php\/wp-json\/wp\/v2\/pages\/8"}],"collection":[{"href":"https:\/\/blog.allivici.com\/index.php\/wp-json\/wp\/v2\/pages"}],"about":[{"href":"https:\/\/blog.allivici.com\/index.php\/wp-json\/wp\/v2\/types\/page"}],"author":[{"embeddable":true,"href":"https:\/\/blog.allivici.com\/index.php\/wp-json\/wp\/v2\/users\/1"}],"replies":[{"embeddable":true,"href":"https:\/\/blog.allivici.com\/index.php\/wp-json\/wp\/v2\/comments?post=8"}],"version-history":[{"count":2,"href":"https:\/\/blog.allivici.com\/index.php\/wp-json\/wp\/v2\/pages\/8\/revisions"}],"predecessor-version":[{"id":672,"href":"https:\/\/blog.allivici.com\/index.php\/wp-json\/wp\/v2\/pages\/8\/revisions\/672"}],"wp:attachment":[{"href":"https:\/\/blog.allivici.com\/index.php\/wp-json\/wp\/v2\/media?parent=8"}],"wp:term":[{"taxonomy":"post_tag","embeddable":true,"href":"https:\/\/blog.allivici.com\/index.php\/wp-json\/wp\/v2\/tags?post=8"}],"curies":[{"name":"wp","href":"https:\/\/api.w.org\/{rel}","templated":true}]}}